{"id":5721,"date":"2024-01-02T16:58:42","date_gmt":"2024-01-02T16:58:42","guid":{"rendered":"https:\/\/estove.ee\/?page_id=5721"},"modified":"2026-02-04T12:28:51","modified_gmt":"2026-02-04T10:28:51","slug":"moodne-suitsusauna-keris","status":"publish","type":"page","link":"https:\/\/www.estove.ee\/en\/tooted-ja-teenused\/moodne-suitsusauna-keris\/","title":{"rendered":"Modern smoke sauna stove"},"content":{"rendered":"<p><section data-bb-version=\"4.9.1\" id=\"bt_bb_section69df7fc2d5b5e\" class=\"bt_bb_section bt_bb_color_scheme_1 bt_bb_layout_boxed_1000 bt_bb_vertical_align_top bt_bb_top_spacing_extra_large bt_bb_bottom_spacing_extra_large\" style=\"; --section-primary-color:#ffffff; --section-secondary-color:#111112;;background-color:#2c5f94;\" data-bt-override-class=\"{&quot;bt_bb_top_spacing_&quot;:{&quot;current_class&quot;:&quot;bt_bb_top_spacing_extra_large&quot;,&quot;def&quot;:&quot;extra_large&quot;},&quot;bt_bb_bottom_spacing_&quot;:{&quot;current_class&quot;:&quot;bt_bb_bottom_spacing_extra_large&quot;,&quot;def&quot;:&quot;extra_large&quot;}}\"><div class=\"bt_bb_background_image_holder_wrapper\"><div class=\"bt_bb_background_image_holder bt_bb_parallax\"  data-parallax=\"0.7\" data-parallax-offset=\"0\" data-parallax-zoom-start=\"1\" data-parallax-zoom-end=\"1\" data-parallax-blur-start=\"0\" data-parallax-blur-end=\"0\" data-parallax-opacity-start=\"1\" data-parallax-opacity-end=\"1\" style=\" background-image:url(&#039;https:\/\/www.estove.ee\/wp-content\/uploads\/2024\/05\/featured-scaled.jpg&#039;);\"><\/div><\/div><div class=\"bt_bb_port\"><div class=\"bt_bb_cell\"><div class=\"bt_bb_cell_inner\"><div class=\"bt_bb_row\"  data-bt-override-class=\"{}\"><div class=\"bt_bb_row_holder\" ><div  class=\"bt_bb_column col-xxl-12 col-xl-12 bt_bb_vertical_align_top bt_bb_align_center bt_bb_padding_normal bt_bb_animation_fade_in animate\" style=\"; --column-width:12;\" data-width=\"12\" data-bt-override-class=\"{}\"><div class=\"bt_bb_column_content\"><div class=\"bt_bb_column_content_inner\"><header data-bb-version=\"4.9.1\" class=\"bt_bb_headline bt_bb_font_weight_bold bt_bb_color_scheme_1 bt_bb_dash_none bt_bb_size_normal bt_bb_subheadline bt_bb_align_inherit\" style=\"; --headline-primary-color:#ffffff; --headline-secondary-color:#111112;\" data-bt-override-class=\"{&quot;bt_bb_size_&quot;:{&quot;current_class&quot;:&quot;bt_bb_size_normal&quot;,&quot;def&quot;:&quot;normal&quot;},&quot;bt_bb_align_&quot;:{&quot;current_class&quot;:&quot;bt_bb_align_inherit&quot;,&quot;def&quot;:&quot;inherit&quot;}}\"><h1 class=\"bt_bb_headline_tag\"><span class=\"bt_bb_headline_content\"><span >Modern smoke sauna stove<\/span><\/span><\/h1><div class=\"bt_bb_headline_subheadline\" style=\"color: rgb(255,255,255);\">Modern smoke sauna stove with a chimney-connected option, which ensures a clean sauna. The chimney pipe also has a strainer, which leaves more heat for the next day after a sauna. The stove is very efficient.<\/div><\/header><div class=\"bt_bb_separator bt_bb_border_style_none bt_bb_bottom_spacing_normal\" data-bt-override-class=\"null\"><\/div><\/div><\/div><\/div><\/div><\/div><\/div><!-- cell_inner --><\/div><!-- cell --><\/div><!-- port --><\/section><section data-bb-version=\"4.5.5\" id=\"sliderjainfo\" class=\"bt_bb_section bt_bb_layout_wide bt_bb_vertical_align_top bt_bb_top_spacing_ bt_bb_bottom_spacing_medium\" style=\";background-color:rgb(255,255,255);\" data-bt-override-class=\"{&quot;bt_bb_top_spacing_&quot;:{&quot;current_class&quot;:&quot;bt_bb_top_spacing_&quot;,&quot;def&quot;:&quot;&quot;},&quot;bt_bb_bottom_spacing_&quot;:{&quot;current_class&quot;:&quot;bt_bb_bottom_spacing_medium&quot;,&quot;def&quot;:&quot;medium&quot;}}\"><div class=\"bt_bb_port\"><div class=\"bt_bb_cell\"><div class=\"bt_bb_cell_inner\"><div data-bb-version=\"4.5.5\" class=\"bt_bb_row\" style=\"max-width: 1820px; margin-left: auto; margin-right: auto; padding-bottom: 2em;\" data-bt-override-class=\"{}\"><div class=\"bt_bb_row_holder\" ><div data-bb-version=\"4.5.6\"  class=\"bt_bb_column col-xxl-8 col-xl-8 col-xs-12 col-sm-12 col-md-12 col-lg-8 bt_bb_vertical_align_top bt_bb_align_left bt_bb_padding_normal bt_bb_animation_fade_in move_right animate\" style=\"; --column-width:8;\" data-width=\"8\" data-bt-override-class=\"{&quot;bt_bb_align_&quot;:{&quot;current_class&quot;:&quot;bt_bb_align_left&quot;,&quot;def&quot;:&quot;left&quot;},&quot;bt_bb_padding_&quot;:{&quot;current_class&quot;:&quot;bt_bb_padding_normal&quot;,&quot;def&quot;:&quot;normal&quot;}}\"><div class=\"bt_bb_column_content\"><div class=\"bt_bb_column_content_inner\"><div data-bb-version=\"4.9.1\" class=\"bt_bb_css_image_grid bt_bb_columns_4 bt_bb_gap_extrasmall bt_bb_shape_inherit\" data-columns=\"4\"><div class=\"bt_bb_css_image_grid_content\"><div class=\"bt_bb_css_image_grid_item bt_bb_tile_format_11\" data-src-full=\"https:\/\/www.estove.ee\/wp-content\/uploads\/2024\/05\/20231119_124313-scaled.jpg\" title=\"20231119_124313\"><div class=\"bt_bb_css_image_grid_item_inner\"><div class=\"bt_bb_css_image_grid_item_inner_image\"><img decoding=\"async\" src=\"https:\/\/www.estove.ee\/wp-content\/uploads\/2024\/05\/20231119_124313-1280x1707.jpg\" data-src-full=\"https:\/\/www.estove.ee\/wp-content\/uploads\/2024\/05\/20231119_124313-scaled.jpg\" title=\"20231119_124313\" alt=\"20231119_124313\"\/><\/div><div class=\"bt_bb_css_image_grid_item_inner_content\"><\/div><\/div><\/div><div class=\"bt_bb_css_image_grid_item bt_bb_tile_format_11\" data-src-full=\"https:\/\/www.estove.ee\/wp-content\/uploads\/2024\/05\/20231105_144604-scaled.jpg\" title=\"20231105_144604\"><div class=\"bt_bb_css_image_grid_item_inner\"><div class=\"bt_bb_css_image_grid_item_inner_image\"><img decoding=\"async\" src=\"https:\/\/www.estove.ee\/wp-content\/uploads\/2024\/05\/20231105_144604-1280x1707.jpg\" data-src-full=\"https:\/\/www.estove.ee\/wp-content\/uploads\/2024\/05\/20231105_144604-scaled.jpg\" title=\"20231105_144604\" alt=\"20231105_144604\"\/><\/div><div class=\"bt_bb_css_image_grid_item_inner_content\"><\/div><\/div><\/div><div class=\"bt_bb_css_image_grid_item bt_bb_tile_format_11\" data-src-full=\"https:\/\/www.estove.ee\/wp-content\/uploads\/2024\/05\/20231105_144514-scaled.jpg\" title=\"20231105_144514\"><div class=\"bt_bb_css_image_grid_item_inner\"><div class=\"bt_bb_css_image_grid_item_inner_image\"><img decoding=\"async\" src=\"https:\/\/www.estove.ee\/wp-content\/uploads\/2024\/05\/20231105_144514-1280x1707.jpg\" data-src-full=\"https:\/\/www.estove.ee\/wp-content\/uploads\/2024\/05\/20231105_144514-scaled.jpg\" title=\"20231105_144514\" alt=\"20231105_144514\"\/><\/div><div class=\"bt_bb_css_image_grid_item_inner_content\"><\/div><\/div><\/div><div class=\"bt_bb_css_image_grid_item bt_bb_tile_format_11\" data-src-full=\"https:\/\/www.estove.ee\/wp-content\/uploads\/2024\/05\/20231105_144501-scaled.jpg\" title=\"20231105_144501\"><div class=\"bt_bb_css_image_grid_item_inner\"><div class=\"bt_bb_css_image_grid_item_inner_image\"><img decoding=\"async\" src=\"https:\/\/www.estove.ee\/wp-content\/uploads\/2024\/05\/20231105_144501-1280x1707.jpg\" data-src-full=\"https:\/\/www.estove.ee\/wp-content\/uploads\/2024\/05\/20231105_144501-scaled.jpg\" title=\"20231105_144501\" alt=\"20231105_144501\"\/><\/div><div class=\"bt_bb_css_image_grid_item_inner_content\"><\/div><\/div><\/div><\/div><\/div><\/div><\/div><\/div><div data-bb-version=\"4.5.5\" id=\"omadused\" class=\"bt_bb_column col-xxl-4 col-xl-4 col-xs-12 col-sm-12 col-md-12 col-lg-4 bt_bb_vertical_align_top bt_bb_align_left bt_bb_padding_normal bt_bb_animation_fade_in move_left animate\" style=\"; --column-width:4;\" data-width=\"4\" data-bt-override-class=\"{&quot;bt_bb_align_&quot;:{&quot;current_class&quot;:&quot;bt_bb_align_left&quot;,&quot;def&quot;:&quot;left&quot;},&quot;bt_bb_padding_&quot;:{&quot;current_class&quot;:&quot;bt_bb_padding_normal&quot;,&quot;def&quot;:&quot;normal&quot;}}\"><div class=\"bt_bb_column_content\"><div class=\"bt_bb_column_content_inner\"><div data-bb-version=\"4.5.5\"  class=\"bt_bb_text\" ><\/p>\n<h2>Modern smoke sauna stove<\/h2>\n<ul>\n<li>High-quality module<\/li>\n<li>Uses less wood and has a shorter heating time than traditional systems<\/li>\n<li>Stove built on legs and it gets extra warmth from the stove base<\/li>\n<li>Cleaner sauna room<\/li>\n<li>Easy to use<\/li>\n<li>Overall sise 113cm x 97cm x 91cm<\/li>\n<\/ul>\n<p>\n<\/div><div data-bb-version=\"4.5.5\"  class=\"bt_bb_text\" ><\/p>\n<h2>Enjoy the benefits of a modern smoke sauna<\/h2>\n<p>This is a chimney-connected option, which ensures a clean space. Unlike the classic \"Russian stove\", which is usually a tall stove with a small hatch, this stove is as low as possible with a large hatch. As you know, a pleasant blaze starts at the beginning of the opening of the stove, and thanks to the large hatch, it also comes out softer - there is no risk of burning yourself. The hatch is hinged and can be easily opened with a rope. The chimney connection also has a strainer in the pipe, which, when closed after a sauna, leaves more heat for the next day. All in all, the various use factors have been improved while maintaining the good characteristics of the straditional smoke sauna stove.<\/p>\n<p>Smoke sauna awaits!<\/p>\n<p><strong class=\"mrgtop33\">Estove custom made blocks are more high quality than conventional clay blocks:<\/strong><\/p>\n<ul>\n<li>Bigger mass<\/li>\n<li>A more \"breathable\" solution ensures longer warm assignments<\/li>\n<li>Unique design<\/li>\n<li>Wide range of colors<\/li>\n<\/ul>\n<h4>Get in touch!<\/h4>\n<p><a href=\"https:\/\/www.estove.ee\/en\/kontakt\/\">WRITE TO US <\/a>or give us a call: <a href=\"tel:+3725259672\">(+372) 52 59 672<\/a><\/p>\n<p>\n<\/div><div data-bb-version=\"4.5.6\" id=\"kontaktinupp\" class=\"bt_bb_button bt_bb_color_scheme_6 bt_bb_icon_position_left bt_bb_style_filled bt_bb_size_normal bt_bb_width_inline bt_bb_shape_inherit bt_bb_target_self bt_bb_text_transform_uppercase bt_bb_align_inherit\" style=\"; --primary-color:#ffffff; --secondary-color:#db501e;\" data-bt-override-class=\"{&quot;bt_bb_size_&quot;:{&quot;current_class&quot;:&quot;bt_bb_size_normal&quot;,&quot;def&quot;:&quot;normal&quot;},&quot;bt_bb_align_&quot;:{&quot;current_class&quot;:&quot;bt_bb_align_inherit&quot;,&quot;def&quot;:&quot;inherit&quot;}}\"><a href=\"https:\/\/www.estove.ee\/en\/kontakt\/\" target=\"_self\" class=\"bt_bb_link\" title=\"Get in touch\"><span class=\"bt_bb_button_text\" >Get in touch<\/span><span  data-ico-icon7stroke=\"&#xe66d;\" class=\"bt_bb_icon_holder\"><\/span><\/a><\/div><\/div><\/div><\/div><\/div><\/div><\/div><!-- cell_inner --><\/div><!-- cell --><\/div><!-- port --><\/section><section data-bb-version=\"4.5.5\" id=\"bt_bb_section69df7fc2d667c\" class=\"bt_bb_section bt_bb_layout_wide bt_bb_vertical_align_top bt_bb_top_spacing_ bt_bb_bottom_spacing_\" style=\";background-color:rgb(255,255,255);\" data-bt-override-class=\"{&quot;bt_bb_top_spacing_&quot;:{&quot;current_class&quot;:&quot;bt_bb_top_spacing_&quot;,&quot;def&quot;:&quot;&quot;},&quot;bt_bb_bottom_spacing_&quot;:{&quot;current_class&quot;:&quot;bt_bb_bottom_spacing_&quot;,&quot;def&quot;:&quot;&quot;}}\"><div class=\"bt_bb_port\"><div class=\"bt_bb_cell\"><div class=\"bt_bb_cell_inner\"><div data-bb-version=\"4.5.5\" class=\"bt_bb_row\" style=\"margin-bottom: 44px;\" data-bt-override-class=\"{}\"><div class=\"bt_bb_row_holder\" ><\/div><\/div><\/div><!-- cell_inner --><\/div><!-- cell --><\/div><!-- port --><\/section><\/p>","protected":false},"excerpt":{"rendered":"","protected":false},"author":1,"featured_media":5728,"parent":4794,"menu_order":0,"comment_status":"closed","ping_status":"closed","template":"","meta":{"inline_featured_image":false,"footnotes":""},"class_list":["post-5721","page","type-page","status-publish","has-post-thumbnail","hentry"],"yoast_head":"<!-- This site is optimized with the Yoast SEO plugin v27.4 - https:\/\/yoast.com\/product\/yoast-seo-wordpress\/ -->\n<title>ESTOVE - Moodne suitsusauna keris \u2013 puhas leil, s\u00e4\u00e4stlik<\/title>\n<meta name=\"description\" content=\"Korstna\u00fchendusega moodne suitsusauna keris tagab puhta leiliruumi, pehme leili ja l\u00fchema k\u00fctmisaja. T\u00f5hus pilukolle ja HBO \u0161amott.\" \/>\n<meta name=\"robots\" content=\"index, follow, max-snippet:-1, max-image-preview:large, max-video-preview:-1\" \/>\n<link rel=\"canonical\" href=\"https:\/\/estove.ee\/en\/tooted-ja-teenused\/moodne-suitsusauna-keris\/\" \/>\n<meta property=\"og:locale\" content=\"en_US\" \/>\n<meta property=\"og:type\" content=\"article\" \/>\n<meta property=\"og:title\" content=\"ESTOVE - Moodne suitsusauna keris \u2013 puhas leil, s\u00e4\u00e4stlik\" \/>\n<meta property=\"og:description\" content=\"Korstna\u00fchendusega moodne suitsusauna keris tagab puhta leiliruumi, pehme leili ja l\u00fchema k\u00fctmisaja. T\u00f5hus pilukolle ja HBO \u0161amott.\" \/>\n<meta property=\"og:url\" content=\"https:\/\/estove.ee\/en\/tooted-ja-teenused\/moodne-suitsusauna-keris\/\" \/>\n<meta property=\"og:site_name\" content=\"ESTOVE O\u00dc\" \/>\n<meta property=\"article:modified_time\" content=\"2026-02-04T10:28:51+00:00\" \/>\n<meta name=\"twitter:card\" content=\"summary_large_image\" \/>\n<meta name=\"twitter:label1\" content=\"Est. reading time\" \/>\n\t<meta name=\"twitter:data1\" content=\"2 minutes\" \/>\n<script type=\"application\/ld+json\" class=\"yoast-schema-graph\">{\"@context\":\"https:\\\/\\\/schema.org\",\"@graph\":[{\"@type\":\"WebPage\",\"@id\":\"https:\\\/\\\/estove.ee\\\/en\\\/tooted-ja-teenused\\\/moodne-suitsusauna-keris\\\/\",\"url\":\"https:\\\/\\\/estove.ee\\\/en\\\/tooted-ja-teenused\\\/moodne-suitsusauna-keris\\\/\",\"name\":\"ESTOVE - Moodne suitsusauna keris \u2013 puhas leil, s\u00e4\u00e4stlik\",\"isPartOf\":{\"@id\":\"https:\\\/\\\/estove.ee\\\/#website\"},\"primaryImageOfPage\":{\"@id\":\"https:\\\/\\\/estove.ee\\\/en\\\/tooted-ja-teenused\\\/moodne-suitsusauna-keris\\\/#primaryimage\"},\"image\":{\"@id\":\"https:\\\/\\\/estove.ee\\\/en\\\/tooted-ja-teenused\\\/moodne-suitsusauna-keris\\\/#primaryimage\"},\"thumbnailUrl\":\"\",\"datePublished\":\"2024-01-02T16:58:42+00:00\",\"dateModified\":\"2026-02-04T10:28:51+00:00\",\"description\":\"Korstna\u00fchendusega moodne suitsusauna keris tagab puhta leiliruumi, pehme leili ja l\u00fchema k\u00fctmisaja. T\u00f5hus pilukolle ja HBO \u0161amott.\",\"breadcrumb\":{\"@id\":\"https:\\\/\\\/estove.ee\\\/en\\\/tooted-ja-teenused\\\/moodne-suitsusauna-keris\\\/#breadcrumb\"},\"inLanguage\":\"en-US\",\"potentialAction\":[{\"@type\":\"ReadAction\",\"target\":[\"https:\\\/\\\/estove.ee\\\/en\\\/tooted-ja-teenused\\\/moodne-suitsusauna-keris\\\/\"]}]},{\"@type\":\"ImageObject\",\"inLanguage\":\"en-US\",\"@id\":\"https:\\\/\\\/estove.ee\\\/en\\\/tooted-ja-teenused\\\/moodne-suitsusauna-keris\\\/#primaryimage\",\"url\":\"\",\"contentUrl\":\"\"},{\"@type\":\"BreadcrumbList\",\"@id\":\"https:\\\/\\\/estove.ee\\\/en\\\/tooted-ja-teenused\\\/moodne-suitsusauna-keris\\\/#breadcrumb\",\"itemListElement\":[{\"@type\":\"ListItem\",\"position\":1,\"name\":\"Home\",\"item\":\"https:\\\/\\\/estove.ee\\\/\"},{\"@type\":\"ListItem\",\"position\":2,\"name\":\"Tooted ja teenused\",\"item\":\"https:\\\/\\\/estove.ee\\\/tooted-ja-teenused\\\/\"},{\"@type\":\"ListItem\",\"position\":3,\"name\":\"Moodne suitsusauna keris\"}]},{\"@type\":\"WebSite\",\"@id\":\"https:\\\/\\\/estove.ee\\\/#website\",\"url\":\"https:\\\/\\\/estove.ee\\\/\",\"name\":\"ESTOVE O\u00dc\",\"description\":\"K\u00e4sit\u00f6\u00f6na valmistatud suitsuahjud, pitsaahjud, suitsusauna kerised ja teised tulekolded\",\"potentialAction\":[{\"@type\":\"SearchAction\",\"target\":{\"@type\":\"EntryPoint\",\"urlTemplate\":\"https:\\\/\\\/estove.ee\\\/?s={search_term_string}\"},\"query-input\":{\"@type\":\"PropertyValueSpecification\",\"valueRequired\":true,\"valueName\":\"search_term_string\"}}],\"inLanguage\":\"en-US\"}]}<\/script>\n<!-- \/ Yoast SEO plugin. -->","yoast_head_json":{"title":"ESTOVE - Moodne suitsusauna keris \u2013 puhas leil, s\u00e4\u00e4stlik","description":"Korstna\u00fchendusega moodne suitsusauna keris tagab puhta leiliruumi, pehme leili ja l\u00fchema k\u00fctmisaja. T\u00f5hus pilukolle ja HBO \u0161amott.","robots":{"index":"index","follow":"follow","max-snippet":"max-snippet:-1","max-image-preview":"max-image-preview:large","max-video-preview":"max-video-preview:-1"},"canonical":"https:\/\/estove.ee\/en\/tooted-ja-teenused\/moodne-suitsusauna-keris\/","og_locale":"en_US","og_type":"article","og_title":"ESTOVE - Moodne suitsusauna keris \u2013 puhas leil, s\u00e4\u00e4stlik","og_description":"Korstna\u00fchendusega moodne suitsusauna keris tagab puhta leiliruumi, pehme leili ja l\u00fchema k\u00fctmisaja. T\u00f5hus pilukolle ja HBO \u0161amott.","og_url":"https:\/\/estove.ee\/en\/tooted-ja-teenused\/moodne-suitsusauna-keris\/","og_site_name":"ESTOVE O\u00dc","article_modified_time":"2026-02-04T10:28:51+00:00","twitter_card":"summary_large_image","twitter_misc":{"Est. reading time":"2 minutes"},"schema":{"@context":"https:\/\/schema.org","@graph":[{"@type":"WebPage","@id":"https:\/\/estove.ee\/en\/tooted-ja-teenused\/moodne-suitsusauna-keris\/","url":"https:\/\/estove.ee\/en\/tooted-ja-teenused\/moodne-suitsusauna-keris\/","name":"ESTOVE - Moodne suitsusauna keris \u2013 puhas leil, s\u00e4\u00e4stlik","isPartOf":{"@id":"https:\/\/estove.ee\/#website"},"primaryImageOfPage":{"@id":"https:\/\/estove.ee\/en\/tooted-ja-teenused\/moodne-suitsusauna-keris\/#primaryimage"},"image":{"@id":"https:\/\/estove.ee\/en\/tooted-ja-teenused\/moodne-suitsusauna-keris\/#primaryimage"},"thumbnailUrl":"","datePublished":"2024-01-02T16:58:42+00:00","dateModified":"2026-02-04T10:28:51+00:00","description":"Korstna\u00fchendusega moodne suitsusauna keris tagab puhta leiliruumi, pehme leili ja l\u00fchema k\u00fctmisaja. T\u00f5hus pilukolle ja HBO \u0161amott.","breadcrumb":{"@id":"https:\/\/estove.ee\/en\/tooted-ja-teenused\/moodne-suitsusauna-keris\/#breadcrumb"},"inLanguage":"en-US","potentialAction":[{"@type":"ReadAction","target":["https:\/\/estove.ee\/en\/tooted-ja-teenused\/moodne-suitsusauna-keris\/"]}]},{"@type":"ImageObject","inLanguage":"en-US","@id":"https:\/\/estove.ee\/en\/tooted-ja-teenused\/moodne-suitsusauna-keris\/#primaryimage","url":"","contentUrl":""},{"@type":"BreadcrumbList","@id":"https:\/\/estove.ee\/en\/tooted-ja-teenused\/moodne-suitsusauna-keris\/#breadcrumb","itemListElement":[{"@type":"ListItem","position":1,"name":"Home","item":"https:\/\/estove.ee\/"},{"@type":"ListItem","position":2,"name":"Tooted ja teenused","item":"https:\/\/estove.ee\/tooted-ja-teenused\/"},{"@type":"ListItem","position":3,"name":"Moodne suitsusauna keris"}]},{"@type":"WebSite","@id":"https:\/\/estove.ee\/#website","url":"https:\/\/estove.ee\/","name":"ESTOVE O\u00dc","description":"K\u00e4sit\u00f6\u00f6na valmistatud suitsuahjud, pitsaahjud, suitsusauna kerised ja teised tulekolded","potentialAction":[{"@type":"SearchAction","target":{"@type":"EntryPoint","urlTemplate":"https:\/\/estove.ee\/?s={search_term_string}"},"query-input":{"@type":"PropertyValueSpecification","valueRequired":true,"valueName":"search_term_string"}}],"inLanguage":"en-US"}]}},"_links":{"self":[{"href":"https:\/\/www.estove.ee\/en\/wp-json\/wp\/v2\/pages\/5721","targetHints":{"allow":["GET"]}}],"collection":[{"href":"https:\/\/www.estove.ee\/en\/wp-json\/wp\/v2\/pages"}],"about":[{"href":"https:\/\/www.estove.ee\/en\/wp-json\/wp\/v2\/types\/page"}],"author":[{"embeddable":true,"href":"https:\/\/www.estove.ee\/en\/wp-json\/wp\/v2\/users\/1"}],"replies":[{"embeddable":true,"href":"https:\/\/www.estove.ee\/en\/wp-json\/wp\/v2\/comments?post=5721"}],"version-history":[{"count":5,"href":"https:\/\/www.estove.ee\/en\/wp-json\/wp\/v2\/pages\/5721\/revisions"}],"predecessor-version":[{"id":6181,"href":"https:\/\/www.estove.ee\/en\/wp-json\/wp\/v2\/pages\/5721\/revisions\/6181"}],"up":[{"embeddable":true,"href":"https:\/\/www.estove.ee\/en\/wp-json\/wp\/v2\/pages\/4794"}],"wp:featuredmedia":[{"embeddable":true,"href":"https:\/\/www.estove.ee\/en\/wp-json\/"}],"wp:attachment":[{"href":"https:\/\/www.estove.ee\/en\/wp-json\/wp\/v2\/media?parent=5721"}],"curies":[{"name":"wp","href":"https:\/\/api.w.org\/{rel}","templated":true}]}}