{"id":5309,"date":"2023-07-11T15:18:31","date_gmt":"2023-07-11T15:18:31","guid":{"rendered":"https:\/\/estove.ee\/?page_id=5309"},"modified":"2024-05-03T12:11:45","modified_gmt":"2024-05-03T12:11:45","slug":"kontakt","status":"publish","type":"page","link":"https:\/\/www.estove.ee\/en\/kontakt\/","title":{"rendered":"Contact"},"content":{"rendered":"<p><section data-bb-version=\"4.9.1\" id=\"bt_bb_section69df7f2db723f\" class=\"bt_bb_section bt_bb_color_scheme_1 bt_bb_layout_boxed_1000 bt_bb_vertical_align_top bt_bb_top_spacing_extra_large bt_bb_bottom_spacing_extra_large\" style=\"; --section-primary-color:#ffffff; --section-secondary-color:#111112;;background-color:#2c5f94;\" data-bt-override-class=\"{&quot;bt_bb_top_spacing_&quot;:{&quot;current_class&quot;:&quot;bt_bb_top_spacing_extra_large&quot;,&quot;def&quot;:&quot;extra_large&quot;},&quot;bt_bb_bottom_spacing_&quot;:{&quot;current_class&quot;:&quot;bt_bb_bottom_spacing_extra_large&quot;,&quot;def&quot;:&quot;extra_large&quot;}}\"><div class=\"bt_bb_background_image_holder_wrapper\"><div class=\"bt_bb_background_image_holder bt_bb_parallax\"  data-parallax=\"0.7\" data-parallax-offset=\"0\" data-parallax-zoom-start=\"1\" data-parallax-zoom-end=\"1\" data-parallax-blur-start=\"0\" data-parallax-blur-end=\"0\" data-parallax-opacity-start=\"1\" data-parallax-opacity-end=\"1\" style=\" background-image:url(&#039;https:\/\/www.estove.ee\/wp-content\/uploads\/2024\/05\/pitsa.jpg&#039;);\"><\/div><\/div><div class=\"bt_bb_port\"><div class=\"bt_bb_cell\"><div class=\"bt_bb_cell_inner\"><div class=\"bt_bb_row\"  data-bt-override-class=\"{}\"><div class=\"bt_bb_row_holder\" ><div  class=\"bt_bb_column col-xxl-12 col-xl-12 bt_bb_vertical_align_top bt_bb_align_center bt_bb_padding_normal bt_bb_animation_fade_in animate\" style=\"; --column-width:12;\" data-width=\"12\" data-bt-override-class=\"{}\"><div class=\"bt_bb_column_content\"><div class=\"bt_bb_column_content_inner\"><header data-bb-version=\"4.9.1\" class=\"bt_bb_headline bt_bb_font_weight_bold bt_bb_color_scheme_1 bt_bb_dash_none bt_bb_size_normal bt_bb_subheadline bt_bb_align_inherit\" style=\"; --headline-primary-color:#ffffff; --headline-secondary-color:#111112;\" data-bt-override-class=\"{&quot;bt_bb_size_&quot;:{&quot;current_class&quot;:&quot;bt_bb_size_normal&quot;,&quot;def&quot;:&quot;normal&quot;},&quot;bt_bb_align_&quot;:{&quot;current_class&quot;:&quot;bt_bb_align_inherit&quot;,&quot;def&quot;:&quot;inherit&quot;}}\"><h1 class=\"bt_bb_headline_tag\"><span class=\"bt_bb_headline_content\"><span >Got a question, an interest, an idea?<br \/><br \/>\nGet in touch!<\/span><\/span><\/h1><div class=\"bt_bb_headline_subheadline\" style=\"color: rgb(255,255,255);\">Call (+372) 52 59 672 or send a letter using the contact form below.<\/div><\/header><\/div><\/div><\/div><\/div><\/div><\/div><!-- cell_inner --><\/div><!-- cell --><\/div><!-- port --><\/section><section data-bb-version=\"4.5.6\" id=\"leivapuru\" class=\"bt_bb_section bt_bb_layout_wide bt_bb_vertical_align_top bt_bb_top_spacing_ bt_bb_bottom_spacing_ bt_bb_hidden_xs bt_bb_hidden_ms bt_bb_hidden_sm bt_bb_hidden_md\" style=\"height: 72px;;background-color:rgb(255,255,255);\" data-bt-override-class=\"{&quot;bt_bb_top_spacing_&quot;:{&quot;current_class&quot;:&quot;bt_bb_top_spacing_&quot;,&quot;def&quot;:&quot;&quot;},&quot;bt_bb_bottom_spacing_&quot;:{&quot;current_class&quot;:&quot;bt_bb_bottom_spacing_&quot;,&quot;def&quot;:&quot;&quot;}}\"><div class=\"bt_bb_port\"><div class=\"bt_bb_cell\"><div class=\"bt_bb_cell_inner\"><div data-bb-version=\"4.5.5\" class=\"bt_bb_row\"  data-bt-override-class=\"{}\"><div class=\"bt_bb_row_holder\" ><div data-bb-version=\"4.5.5\"  class=\"bt_bb_column col-xxl-12 col-xl-12 col-xs-12 col-sm-12 col-md-12 col-lg-12 bt_bb_vertical_align_top bt_bb_align_left bt_bb_padding_normal\" style=\"; --column-width:12;\" data-width=\"12\" data-bt-override-class=\"{&quot;bt_bb_align_&quot;:{&quot;current_class&quot;:&quot;bt_bb_align_left&quot;,&quot;def&quot;:&quot;left&quot;},&quot;bt_bb_padding_&quot;:{&quot;current_class&quot;:&quot;bt_bb_padding_normal&quot;,&quot;def&quot;:&quot;normal&quot;}}\"><div class=\"bt_bb_column_content\"><div class=\"bt_bb_column_content_inner\"><div data-bb-version=\"4.5.5\"  class=\"bt_bb_text\" ><p><\/p>\n<\/div><\/div><\/div><\/div><\/div><\/div><div data-bb-version=\"4.5.5\" class=\"bt_bb_row\"  data-bt-override-class=\"{}\"><div class=\"bt_bb_row_holder\" ><div data-bb-version=\"4.5.5\"  class=\"bt_bb_column col-xxl-12 col-xl-12 col-xs-12 col-sm-12 col-md-12 col-lg-12 bt_bb_vertical_align_top bt_bb_align_left bt_bb_padding_normal\" style=\"; --column-width:12;\" data-width=\"12\" data-bt-override-class=\"{}\"><div class=\"bt_bb_column_content\"><div class=\"bt_bb_column_content_inner\"><\/div><\/div><\/div><\/div><\/div><\/div><!-- cell_inner --><\/div><!-- cell --><\/div><!-- port --><\/section><section data-bb-version=\"4.5.6\" id=\"kontaktivorm\" class=\"bt_bb_section bt_bb_layout_wide bt_bb_vertical_align_top bt_bb_top_spacing_ bt_bb_bottom_spacing_\" style=\";background-color:rgb(255,255,255);\" data-bt-override-class=\"{&quot;bt_bb_top_spacing_&quot;:{&quot;current_class&quot;:&quot;bt_bb_top_spacing_&quot;,&quot;def&quot;:&quot;&quot;},&quot;bt_bb_bottom_spacing_&quot;:{&quot;current_class&quot;:&quot;bt_bb_bottom_spacing_&quot;,&quot;def&quot;:&quot;&quot;}}\"><div class=\"bt_bb_port\"><div class=\"bt_bb_cell\"><div class=\"bt_bb_cell_inner\"><div data-bb-version=\"4.5.5\" class=\"bt_bb_row\" style=\"margin-bottom: 44px;\" data-bt-override-class=\"{}\"><div class=\"bt_bb_row_holder\" ><div data-bb-version=\"4.5.5\"  class=\"bt_bb_column col-xxl-12 col-xl-12 col-xs-12 col-sm-12 col-md-12 col-lg-12 midrowtext bt_bb_vertical_align_top bt_bb_align_left bt_bb_padding_normal bt_bb_animation_fade_in move_up animate\" style=\"; --column-width:12;\" data-width=\"12\" data-bt-override-class=\"{&quot;bt_bb_align_&quot;:{&quot;current_class&quot;:&quot;bt_bb_align_left&quot;,&quot;def&quot;:&quot;left&quot;},&quot;bt_bb_padding_&quot;:{&quot;current_class&quot;:&quot;bt_bb_padding_normal&quot;,&quot;def&quot;:&quot;normal&quot;}}\"><div class=\"bt_bb_column_content\"><div class=\"bt_bb_column_content_inner\"><div data-bb-version=\"4.5.6\" class=\"bt_bb_row_inner bt_bb_row_width_boxed_1400\" style=\"max-width: 960px; margin: 0 auto; width: 98%;\" id=\"kontaktivorm\" data-bt-override-class=\"{}\"><div class=\"bt_bb_row_inner_holder\"  ><div data-bb-version=\"4.5.6\" id=\"vormoinfo\" class=\"bt_bb_column_inner col-xxl-4 col-xl-4 col-xs-12 col-sm-12 col-md-12 col-lg-4 bt_bb_vertical_align_top bt_bb_align_left bt_bb_padding_0\"  data-width=\"4\" data-bt-override-class=\"{&quot;bt_bb_align_&quot;:{&quot;current_class&quot;:&quot;bt_bb_align_left&quot;,&quot;def&quot;:&quot;left&quot;},&quot;bt_bb_padding_&quot;:{&quot;current_class&quot;:&quot;bt_bb_padding_0&quot;,&quot;def&quot;:&quot;0&quot;}}\"><div class=\"bt_bb_column_inner_content\"><div class=\"bt_bb_column_inner_content_inner\"><div data-bb-version=\"4.5.5\"  class=\"bt_bb_text\" ><\/p>\n<p><strong>ESTOVE O\u00dc<\/strong><br \/>\nReg. nr. 14997333<\/p>\n<p><strong>Address:<\/strong> P\u00f5lva, Kaaru k\u00fcla, Saluj\u00e4rve, 64605<br \/>\n<strong>Phone:<\/strong> (+372) 52 59 672<br \/>\n<strong>Email<\/strong> ragnar@estove.ee<\/p>\n<p>\n<\/div><\/div><\/div><\/div><div data-bb-version=\"4.5.6\" id=\"vormo\" class=\"bt_bb_column_inner col-xxl-8 col-xl-8 col-xs-12 col-sm-12 col-md-12 col-lg-8 bt_bb_vertical_align_top bt_bb_align_left bt_bb_padding_0 bt_bb_animation_fade_in move_up animate\"  data-width=\"8\" data-bt-override-class=\"{&quot;bt_bb_align_&quot;:{&quot;current_class&quot;:&quot;bt_bb_align_left&quot;,&quot;def&quot;:&quot;left&quot;},&quot;bt_bb_padding_&quot;:{&quot;current_class&quot;:&quot;bt_bb_padding_0&quot;,&quot;def&quot;:&quot;0&quot;}}\"><div class=\"bt_bb_column_inner_content\"><div class=\"bt_bb_column_inner_content_inner\"><div  class=\"bt_bb_text\" ><\/p>\n<h2>Write to us<\/h2>\n<p>Got a question, an interest, an idea?<\/p>\n<div class=\"wpcf7 no-js\" id=\"wpcf7-f4908-o1\" lang=\"et\" dir=\"ltr\" data-wpcf7-id=\"4908\">\n<div class=\"screen-reader-response\">\n<p role=\"status\" aria-live=\"polite\" aria-atomic=\"true\">\n<ul><\/ul>\n<\/div>\n<form action=\"\/en\/wp-json\/wp\/v2\/pages\/5309#wpcf7-f4908-o1\" method=\"post\" class=\"wpcf7-form init\" aria-label=\"Contact form\" novalidate=\"novalidate\" data-status=\"init\" data-trp-original-action=\"\/en\/wp-json\/wp\/v2\/pages\/5309#wpcf7-f4908-o1\">\n<fieldset class=\"hidden-fields-container\"><input type=\"hidden\" name=\"_wpcf7\" value=\"4908\" \/><input type=\"hidden\" name=\"_wpcf7_version\" value=\"6.1.5\" \/><input type=\"hidden\" name=\"_wpcf7_locale\" value=\"et\" \/><input type=\"hidden\" name=\"_wpcf7_unit_tag\" value=\"wpcf7-f4908-o1\" \/><input type=\"hidden\" name=\"_wpcf7_container_post\" value=\"0\" \/><input type=\"hidden\" name=\"_wpcf7_posted_data_hash\" value=\"\" \/><input type=\"hidden\" name=\"_wpcf7_recaptcha_response\" value=\"\" \/><br \/>\n<\/fieldset>\n<p><label> Your name<br \/>\n<span class=\"wpcf7-form-control-wrap\" data-name=\"your-name\"><input size=\"40\" maxlength=\"400\" class=\"wpcf7-form-control wpcf7-text wpcf7-validates-as-required\" autocomplete=\"name\" aria-required=\"true\" aria-invalid=\"false\" value=\"\" type=\"text\" name=\"your-name\" \/><\/span> <\/label>\n<\/p>\n<p><label> Your email<br \/>\n<span class=\"wpcf7-form-control-wrap\" data-name=\"your-email\"><input size=\"40\" maxlength=\"400\" class=\"wpcf7-form-control wpcf7-email wpcf7-validates-as-required wpcf7-text wpcf7-validates-as-email\" autocomplete=\"email\" aria-required=\"true\" aria-invalid=\"false\" value=\"\" type=\"email\" name=\"your-email\" \/><\/span> <\/label>\n<\/p>\n<p><label> Subject<br \/>\n<span class=\"wpcf7-form-control-wrap\" data-name=\"your-subject\"><input size=\"40\" maxlength=\"400\" class=\"wpcf7-form-control wpcf7-text wpcf7-validates-as-required\" aria-required=\"true\" aria-invalid=\"false\" value=\"\" type=\"text\" name=\"your-subject\" \/><\/span> <\/label>\n<\/p>\n<p><label> Message<br \/>\n<span class=\"wpcf7-form-control-wrap\" data-name=\"your-message\"><textarea cols=\"40\" rows=\"10\" maxlength=\"2000\" class=\"wpcf7-form-control wpcf7-textarea\" aria-invalid=\"false\" name=\"your-message\"><\/textarea><\/span> <\/label>\n<\/p>\n<p><input class=\"wpcf7-form-control wpcf7-submit has-spinner\" type=\"submit\" value=\"Send\" \/>\n<\/p>\n<div class=\"wpcf7-response-output\" aria-hidden=\"true\"><\/div>\n<input type=\"hidden\" name=\"trp-form-language\" value=\"en\"\/><\/form>\n<\/div>\n<p>\n<\/div><\/div><\/div><\/div><\/div><\/div><div data-bb-version=\"4.5.6\" class=\"bt_bb_row_inner bt_bb_row_width_boxed_1400\" style=\"padding-top: 44px; margin-top: 48px;\"  data-bt-override-class=\"{}\"><div class=\"bt_bb_row_inner_holder\"  ><div data-bb-version=\"4.5.5\" id=\"taaskas\" class=\"bt_bb_column_inner col-xxl-12 col-xl-12 col-xs-12 col-sm-12 col-md-12 col-lg-12 bt_bb_vertical_align_top bt_bb_align_left bt_bb_padding_80\"  data-width=\"12\" data-bt-override-class=\"{&quot;bt_bb_align_&quot;:{&quot;current_class&quot;:&quot;bt_bb_align_left&quot;,&quot;def&quot;:&quot;left&quot;},&quot;bt_bb_padding_&quot;:{&quot;current_class&quot;:&quot;bt_bb_padding_80&quot;,&quot;def&quot;:&quot;80&quot;}}\"><div class=\"bt_bb_column_inner_content\"><div class=\"bt_bb_column_inner_content_inner\"><div data-bb-version=\"4.5.6\"  class=\"bt_bb_text bt_bb_animation_fade_in move_up animate\" ><\/p>\n<h4><\/h4>\n<h4 style=\"text-align: center\">We value recycling<\/h4>\n<p style=\"text-align: center\">The metal used in all products is mostly recycled. Wherever possible, Estove contributes to the health of the world.<br \/>From time to time we will do product demonstrations - at an event, a fair or simply at home - in a backyard kitchen.<br \/>View our <a href=\"https:\/\/www.estove.ee\/en\/uudised\/\">blog<\/a> and <a href=\"#sotsiaalmeedia\">social media<\/a>.<\/p>\n<p>\n<\/div><\/div><\/div><\/div><\/div><\/div><\/div><\/div><\/div><\/div><\/div><\/div><!-- cell_inner --><\/div><!-- cell --><\/div><!-- port --><\/section><\/p>","protected":false},"excerpt":{"rendered":"","protected":false},"author":1,"featured_media":0,"parent":0,"menu_order":0,"comment_status":"closed","ping_status":"closed","template":"","meta":{"inline_featured_image":false,"footnotes":""},"class_list":["post-5309","page","type-page","status-publish","hentry"],"yoast_head":"<!-- This site is optimized with the Yoast SEO plugin v27.4 - https:\/\/yoast.com\/product\/yoast-seo-wordpress\/ -->\n<title>ESTOVE - Kontakt | V\u00f5ta julgelt \u00fchendust! (+372) 52 59 672<\/title>\n<meta name=\"description\" content=\"Tekkis k\u00fcsimus? Huvi? Idee? V\u00f5ta julgelt \u00fchendust! Helista meistrile: (+372) 52 59 672 | Kirjuta meistrile: ragnar@estove.ee\" \/>\n<meta name=\"robots\" content=\"index, follow, max-snippet:-1, max-image-preview:large, max-video-preview:-1\" \/>\n<link rel=\"canonical\" href=\"http:\/\/www.estove.ee\/en\/kontakt\/\" \/>\n<meta property=\"og:locale\" content=\"en_US\" \/>\n<meta property=\"og:type\" content=\"article\" \/>\n<meta property=\"og:title\" content=\"ESTOVE - Kontakt | V\u00f5ta julgelt \u00fchendust! (+372) 52 59 672\" \/>\n<meta property=\"og:description\" content=\"Tekkis k\u00fcsimus? Huvi? Idee? V\u00f5ta julgelt \u00fchendust! Helista meistrile: (+372) 52 59 672 | Kirjuta meistrile: ragnar@estove.ee\" \/>\n<meta property=\"og:url\" content=\"http:\/\/www.estove.ee\/en\/kontakt\/\" \/>\n<meta property=\"og:site_name\" content=\"ESTOVE O\u00dc\" \/>\n<meta property=\"article:modified_time\" content=\"2024-05-03T12:11:45+00:00\" \/>\n<meta name=\"twitter:card\" content=\"summary_large_image\" \/>\n<meta name=\"twitter:label1\" content=\"Est. reading time\" \/>\n\t<meta name=\"twitter:data1\" content=\"4 minutes\" \/>\n<script type=\"application\/ld+json\" class=\"yoast-schema-graph\">{\"@context\":\"https:\\\/\\\/schema.org\",\"@graph\":[{\"@type\":\"WebPage\",\"@id\":\"http:\\\/\\\/www.estove.ee\\\/en\\\/kontakt\\\/\",\"url\":\"http:\\\/\\\/www.estove.ee\\\/en\\\/kontakt\\\/\",\"name\":\"ESTOVE - Kontakt | V\u00f5ta julgelt \u00fchendust! (+372) 52 59 672\",\"isPartOf\":{\"@id\":\"https:\\\/\\\/estove.ee\\\/#website\"},\"datePublished\":\"2023-07-11T15:18:31+00:00\",\"dateModified\":\"2024-05-03T12:11:45+00:00\",\"description\":\"Tekkis k\u00fcsimus? Huvi? Idee? V\u00f5ta julgelt \u00fchendust! Helista meistrile: (+372) 52 59 672 | Kirjuta meistrile: ragnar@estove.ee\",\"breadcrumb\":{\"@id\":\"http:\\\/\\\/www.estove.ee\\\/en\\\/kontakt\\\/#breadcrumb\"},\"inLanguage\":\"en-US\",\"potentialAction\":[{\"@type\":\"ReadAction\",\"target\":[\"http:\\\/\\\/www.estove.ee\\\/en\\\/kontakt\\\/\"]}]},{\"@type\":\"BreadcrumbList\",\"@id\":\"http:\\\/\\\/www.estove.ee\\\/en\\\/kontakt\\\/#breadcrumb\",\"itemListElement\":[{\"@type\":\"ListItem\",\"position\":1,\"name\":\"Home\",\"item\":\"https:\\\/\\\/estove.ee\\\/\"},{\"@type\":\"ListItem\",\"position\":2,\"name\":\"Kontakt\"}]},{\"@type\":\"WebSite\",\"@id\":\"https:\\\/\\\/estove.ee\\\/#website\",\"url\":\"https:\\\/\\\/estove.ee\\\/\",\"name\":\"ESTOVE O\u00dc\",\"description\":\"K\u00e4sit\u00f6\u00f6na valmistatud suitsuahjud, pitsaahjud, suitsusauna kerised ja teised tulekolded\",\"potentialAction\":[{\"@type\":\"SearchAction\",\"target\":{\"@type\":\"EntryPoint\",\"urlTemplate\":\"https:\\\/\\\/estove.ee\\\/?s={search_term_string}\"},\"query-input\":{\"@type\":\"PropertyValueSpecification\",\"valueRequired\":true,\"valueName\":\"search_term_string\"}}],\"inLanguage\":\"en-US\"}]}<\/script>\n<!-- \/ Yoast SEO plugin. -->","yoast_head_json":{"title":"ESTOVE - Kontakt | V\u00f5ta julgelt \u00fchendust! (+372) 52 59 672","description":"Tekkis k\u00fcsimus? Huvi? Idee? V\u00f5ta julgelt \u00fchendust! Helista meistrile: (+372) 52 59 672 | Kirjuta meistrile: ragnar@estove.ee","robots":{"index":"index","follow":"follow","max-snippet":"max-snippet:-1","max-image-preview":"max-image-preview:large","max-video-preview":"max-video-preview:-1"},"canonical":"http:\/\/www.estove.ee\/en\/kontakt\/","og_locale":"en_US","og_type":"article","og_title":"ESTOVE - Kontakt | V\u00f5ta julgelt \u00fchendust! (+372) 52 59 672","og_description":"Tekkis k\u00fcsimus? Huvi? Idee? V\u00f5ta julgelt \u00fchendust! Helista meistrile: (+372) 52 59 672 | Kirjuta meistrile: ragnar@estove.ee","og_url":"http:\/\/www.estove.ee\/en\/kontakt\/","og_site_name":"ESTOVE O\u00dc","article_modified_time":"2024-05-03T12:11:45+00:00","twitter_card":"summary_large_image","twitter_misc":{"Est. reading time":"4 minutes"},"schema":{"@context":"https:\/\/schema.org","@graph":[{"@type":"WebPage","@id":"http:\/\/www.estove.ee\/en\/kontakt\/","url":"http:\/\/www.estove.ee\/en\/kontakt\/","name":"ESTOVE - Kontakt | V\u00f5ta julgelt \u00fchendust! (+372) 52 59 672","isPartOf":{"@id":"https:\/\/estove.ee\/#website"},"datePublished":"2023-07-11T15:18:31+00:00","dateModified":"2024-05-03T12:11:45+00:00","description":"Tekkis k\u00fcsimus? Huvi? Idee? V\u00f5ta julgelt \u00fchendust! Helista meistrile: (+372) 52 59 672 | Kirjuta meistrile: ragnar@estove.ee","breadcrumb":{"@id":"http:\/\/www.estove.ee\/en\/kontakt\/#breadcrumb"},"inLanguage":"en-US","potentialAction":[{"@type":"ReadAction","target":["http:\/\/www.estove.ee\/en\/kontakt\/"]}]},{"@type":"BreadcrumbList","@id":"http:\/\/www.estove.ee\/en\/kontakt\/#breadcrumb","itemListElement":[{"@type":"ListItem","position":1,"name":"Home","item":"https:\/\/estove.ee\/"},{"@type":"ListItem","position":2,"name":"Kontakt"}]},{"@type":"WebSite","@id":"https:\/\/estove.ee\/#website","url":"https:\/\/estove.ee\/","name":"ESTOVE O\u00dc","description":"K\u00e4sit\u00f6\u00f6na valmistatud suitsuahjud, pitsaahjud, suitsusauna kerised ja teised tulekolded","potentialAction":[{"@type":"SearchAction","target":{"@type":"EntryPoint","urlTemplate":"https:\/\/estove.ee\/?s={search_term_string}"},"query-input":{"@type":"PropertyValueSpecification","valueRequired":true,"valueName":"search_term_string"}}],"inLanguage":"en-US"}]}},"_links":{"self":[{"href":"https:\/\/www.estove.ee\/en\/wp-json\/wp\/v2\/pages\/5309","targetHints":{"allow":["GET"]}}],"collection":[{"href":"https:\/\/www.estove.ee\/en\/wp-json\/wp\/v2\/pages"}],"about":[{"href":"https:\/\/www.estove.ee\/en\/wp-json\/wp\/v2\/types\/page"}],"author":[{"embeddable":true,"href":"https:\/\/www.estove.ee\/en\/wp-json\/wp\/v2\/users\/1"}],"replies":[{"embeddable":true,"href":"https:\/\/www.estove.ee\/en\/wp-json\/wp\/v2\/comments?post=5309"}],"version-history":[{"count":2,"href":"https:\/\/www.estove.ee\/en\/wp-json\/wp\/v2\/pages\/5309\/revisions"}],"predecessor-version":[{"id":6082,"href":"https:\/\/www.estove.ee\/en\/wp-json\/wp\/v2\/pages\/5309\/revisions\/6082"}],"wp:attachment":[{"href":"https:\/\/www.estove.ee\/en\/wp-json\/wp\/v2\/media?parent=5309"}],"curies":[{"name":"wp","href":"https:\/\/api.w.org\/{rel}","templated":true}]}}