{"id":5292,"date":"2023-07-11T14:50:41","date_gmt":"2023-07-11T14:50:41","guid":{"rendered":"https:\/\/estove.ee\/?page_id=5292"},"modified":"2026-02-04T12:27:17","modified_gmt":"2026-02-04T10:27:17","slug":"suitsusauna-keris","status":"publish","type":"page","link":"https:\/\/www.estove.ee\/en\/tooted-ja-teenused\/suitsusauna-keris\/","title":{"rendered":"Smoke sauna stove"},"content":{"rendered":"<p><section data-bb-version=\"4.9.1\" id=\"bt_bb_section69df69ba4d035\" class=\"bt_bb_section bt_bb_color_scheme_1 bt_bb_layout_boxed_1000 bt_bb_vertical_align_top bt_bb_top_spacing_extra_large bt_bb_bottom_spacing_extra_large\" style=\"; --section-primary-color:#ffffff; --section-secondary-color:#111112;;background-color:#2c5f94;\" data-bt-override-class=\"{&quot;bt_bb_top_spacing_&quot;:{&quot;current_class&quot;:&quot;bt_bb_top_spacing_extra_large&quot;,&quot;def&quot;:&quot;extra_large&quot;},&quot;bt_bb_bottom_spacing_&quot;:{&quot;current_class&quot;:&quot;bt_bb_bottom_spacing_extra_large&quot;,&quot;def&quot;:&quot;extra_large&quot;}}\"><div class=\"bt_bb_background_image_holder_wrapper\"><div class=\"bt_bb_background_image_holder bt_bb_parallax\"  data-parallax=\"0.7\" data-parallax-offset=\"0\" data-parallax-zoom-start=\"1\" data-parallax-zoom-end=\"1\" data-parallax-blur-start=\"0\" data-parallax-blur-end=\"0\" data-parallax-opacity-start=\"1\" data-parallax-opacity-end=\"1\" style=\" background-image:url(&#039;https:\/\/www.estove.ee\/wp-content\/uploads\/2024\/05\/suitsusaunakeris.jpg&#039;);\"><\/div><\/div><div class=\"bt_bb_port\"><div class=\"bt_bb_cell\"><div class=\"bt_bb_cell_inner\"><div class=\"bt_bb_row\"  data-bt-override-class=\"{}\"><div class=\"bt_bb_row_holder\" ><div  class=\"bt_bb_column col-xxl-12 col-xl-12 bt_bb_vertical_align_top bt_bb_align_center bt_bb_padding_normal bt_bb_animation_fade_in animate\" style=\"; --column-width:12;\" data-width=\"12\" data-bt-override-class=\"{}\"><div class=\"bt_bb_column_content\"><div class=\"bt_bb_column_content_inner\"><header data-bb-version=\"4.9.1\" class=\"bt_bb_headline bt_bb_font_weight_bold bt_bb_color_scheme_1 bt_bb_dash_none bt_bb_size_normal bt_bb_subheadline bt_bb_align_inherit\" style=\"; --headline-primary-color:#ffffff; --headline-secondary-color:#111112;\" data-bt-override-class=\"{&quot;bt_bb_size_&quot;:{&quot;current_class&quot;:&quot;bt_bb_size_normal&quot;,&quot;def&quot;:&quot;normal&quot;},&quot;bt_bb_align_&quot;:{&quot;current_class&quot;:&quot;bt_bb_align_inherit&quot;,&quot;def&quot;:&quot;inherit&quot;}}\"><h1 class=\"bt_bb_headline_tag\"><span class=\"bt_bb_headline_content\"><span >Suitsusauna keris ``S\u00f5reste``<\/span><\/span><\/h1><div class=\"bt_bb_headline_subheadline\" style=\"color: rgb(255,255,255);\">A smoke sauna stove that takes little wood has a shorter heating time than traditional stoves. The wood burns cleaner and more efficiently.<\/div><\/header><div class=\"bt_bb_separator bt_bb_border_style_none bt_bb_bottom_spacing_normal\" data-bt-override-class=\"null\"><\/div><\/div><\/div><\/div><\/div><\/div><\/div><!-- cell_inner --><\/div><!-- cell --><\/div><!-- port --><\/section><section data-bb-version=\"4.5.5\" id=\"sliderjainfo\" class=\"bt_bb_section bt_bb_layout_wide bt_bb_vertical_align_top bt_bb_top_spacing_ bt_bb_bottom_spacing_medium\" style=\";background-color:rgb(255,255,255);\" data-bt-override-class=\"{&quot;bt_bb_top_spacing_&quot;:{&quot;current_class&quot;:&quot;bt_bb_top_spacing_&quot;,&quot;def&quot;:&quot;&quot;},&quot;bt_bb_bottom_spacing_&quot;:{&quot;current_class&quot;:&quot;bt_bb_bottom_spacing_medium&quot;,&quot;def&quot;:&quot;medium&quot;}}\"><div class=\"bt_bb_port\"><div class=\"bt_bb_cell\"><div class=\"bt_bb_cell_inner\"><div data-bb-version=\"4.5.5\" class=\"bt_bb_row\" style=\"max-width: 1820px; margin-left: auto; margin-right: auto; padding-bottom: 2em;\" data-bt-override-class=\"{}\"><div class=\"bt_bb_row_holder\" ><div data-bb-version=\"4.5.6\"  class=\"bt_bb_column col-xxl-8 col-xl-8 col-xs-12 col-sm-12 col-md-12 col-lg-8 bt_bb_vertical_align_top bt_bb_align_left bt_bb_padding_normal bt_bb_animation_fade_in move_right animate\" style=\"; --column-width:8;\" data-width=\"8\" data-bt-override-class=\"{&quot;bt_bb_align_&quot;:{&quot;current_class&quot;:&quot;bt_bb_align_left&quot;,&quot;def&quot;:&quot;left&quot;},&quot;bt_bb_padding_&quot;:{&quot;current_class&quot;:&quot;bt_bb_padding_normal&quot;,&quot;def&quot;:&quot;normal&quot;}}\"><div class=\"bt_bb_column_content\"><div class=\"bt_bb_column_content_inner\"><div data-bb-version=\"4.9.1\" class=\"bt_bb_css_image_grid bt_bb_columns_4 bt_bb_gap_extrasmall bt_bb_shape_inherit bt_bb_animation_fade_in animate\" data-columns=\"4\"><div class=\"bt_bb_css_image_grid_content\"><div class=\"bt_bb_css_image_grid_item bt_bb_tile_format_11\" data-src-full=\"https:\/\/www.estove.ee\/wp-content\/uploads\/2024\/05\/20240417_133338-scaled.jpg\" title=\"20240417_133338\"><div class=\"bt_bb_css_image_grid_item_inner\"><div class=\"bt_bb_css_image_grid_item_inner_image\"><img decoding=\"async\" src=\"https:\/\/www.estove.ee\/wp-content\/uploads\/2024\/05\/20240417_133338-1280x960.jpg\" data-src-full=\"https:\/\/www.estove.ee\/wp-content\/uploads\/2024\/05\/20240417_133338-scaled.jpg\" title=\"20240417_133338\" alt=\"20240417_133338\"\/><\/div><div class=\"bt_bb_css_image_grid_item_inner_content\"><\/div><\/div><\/div><div class=\"bt_bb_css_image_grid_item bt_bb_tile_format_11\" data-src-full=\"https:\/\/www.estove.ee\/wp-content\/uploads\/2024\/05\/20240419_120309-scaled.jpg\" title=\"20240419_120309\"><div class=\"bt_bb_css_image_grid_item_inner\"><div class=\"bt_bb_css_image_grid_item_inner_image\"><img decoding=\"async\" src=\"https:\/\/www.estove.ee\/wp-content\/uploads\/2024\/05\/20240419_120309-1280x1707.jpg\" data-src-full=\"https:\/\/www.estove.ee\/wp-content\/uploads\/2024\/05\/20240419_120309-scaled.jpg\" title=\"20240419_120309\" alt=\"20240419_120309\"\/><\/div><div class=\"bt_bb_css_image_grid_item_inner_content\"><\/div><\/div><\/div><div class=\"bt_bb_css_image_grid_item bt_bb_tile_format_11\" data-src-full=\"https:\/\/www.estove.ee\/wp-content\/uploads\/2024\/05\/20240417_133311-scaled.jpg\" title=\"20240417_133311\"><div class=\"bt_bb_css_image_grid_item_inner\"><div class=\"bt_bb_css_image_grid_item_inner_image\"><img decoding=\"async\" src=\"https:\/\/www.estove.ee\/wp-content\/uploads\/2024\/05\/20240417_133311-1280x960.jpg\" data-src-full=\"https:\/\/www.estove.ee\/wp-content\/uploads\/2024\/05\/20240417_133311-scaled.jpg\" title=\"20240417_133311\" alt=\"20240417_133311\"\/><\/div><div class=\"bt_bb_css_image_grid_item_inner_content\"><\/div><\/div><\/div><div class=\"bt_bb_css_image_grid_item bt_bb_tile_format_11\" data-src-full=\"https:\/\/www.estove.ee\/wp-content\/uploads\/2024\/05\/20240417_120905-scaled.jpg\" title=\"20240417_120905\"><div class=\"bt_bb_css_image_grid_item_inner\"><div class=\"bt_bb_css_image_grid_item_inner_image\"><img decoding=\"async\" src=\"https:\/\/www.estove.ee\/wp-content\/uploads\/2024\/05\/20240417_120905-1280x1707.jpg\" data-src-full=\"https:\/\/www.estove.ee\/wp-content\/uploads\/2024\/05\/20240417_120905-scaled.jpg\" title=\"20240417_120905\" alt=\"20240417_120905\"\/><\/div><div class=\"bt_bb_css_image_grid_item_inner_content\"><\/div><\/div><\/div><\/div><\/div><\/div><\/div><\/div><div data-bb-version=\"4.5.5\" id=\"omadused\" class=\"bt_bb_column col-xxl-4 col-xl-4 col-xs-12 col-sm-12 col-md-12 col-lg-4 bt_bb_vertical_align_top bt_bb_align_left bt_bb_padding_normal bt_bb_animation_fade_in move_left animate\" style=\"; --column-width:4;\" data-width=\"4\" data-bt-override-class=\"{&quot;bt_bb_align_&quot;:{&quot;current_class&quot;:&quot;bt_bb_align_left&quot;,&quot;def&quot;:&quot;left&quot;},&quot;bt_bb_padding_&quot;:{&quot;current_class&quot;:&quot;bt_bb_padding_normal&quot;,&quot;def&quot;:&quot;normal&quot;}}\"><div class=\"bt_bb_column_content\"><div class=\"bt_bb_column_content_inner\"><div data-bb-version=\"4.5.5\" class=\"bt_bb_icon delaymore bt_bb_style_outline bt_bb_size_normal bt_bb_shape_circle bt_bb_target_self bt_bb_align_center\" data-bt-override-class=\"{&quot;bt_bb_size_&quot;:{&quot;current_class&quot;:&quot;bt_bb_size_normal&quot;,&quot;def&quot;:&quot;normal&quot;},&quot;bt_bb_align_&quot;:{&quot;current_class&quot;:&quot;bt_bb_align_center&quot;,&quot;def&quot;:&quot;center&quot;}}\"><span  data-ico-fontawesome=\"&#xf299;\" class=\"bt_bb_icon_holder\"><span>Looduss\u00f5bralik Eesti k\u00e4sit\u00f6\u00f6<\/span><\/span><\/div><div data-bb-version=\"4.5.5\"  class=\"bt_bb_text\" ><\/p>\n<h2>Smoke sauna stove \"S\u00f5reste\"<\/h2>\n<ul>\n<li>High-quality module<br \/>\n(Tuli ja Suits O\u00dc)<\/li>\n<li>Uses less wood and has a shorter heating time than traditional systems<\/li>\n<li>Stove built on legs and it gets extra warmth from the stove base<\/li>\n<li>Cleaner sauna than traditional system<\/li>\n<li>High-quality Austrian chamotte<\/li>\n<li>Overall sise 113cm x 97cm x 91cm<\/li>\n<li>Overall weight around 1000kg (without ceramic stones)<\/li>\n<li>Creamic stones around 500kg<\/li>\n<\/ul>\n<p><em>For the first two or three coats, Estove founder recommends the largest and longer-lasting \"Kerkes\" ceramic stones.<\/em><\/p>\n<p>\n<\/div><div data-bb-version=\"4.5.6\" id=\"kontaktinupp\" class=\"bt_bb_button bt_bb_color_scheme_6 bt_bb_icon_position_left bt_bb_style_filled bt_bb_size_normal bt_bb_width_inline bt_bb_shape_inherit bt_bb_target_self bt_bb_text_transform_uppercase bt_bb_align_inherit\" style=\"; --primary-color:#ffffff; --secondary-color:#db501e;\" data-bt-override-class=\"{&quot;bt_bb_size_&quot;:{&quot;current_class&quot;:&quot;bt_bb_size_normal&quot;,&quot;def&quot;:&quot;normal&quot;},&quot;bt_bb_align_&quot;:{&quot;current_class&quot;:&quot;bt_bb_align_inherit&quot;,&quot;def&quot;:&quot;inherit&quot;}}\"><a href=\"https:\/\/www.estove.ee\/en\/kontakt\/\" target=\"_self\" class=\"bt_bb_link\" title=\"Get in touch\"><span class=\"bt_bb_button_text\" >Get in touch<\/span><span  data-ico-icon7stroke=\"&#xe66d;\" class=\"bt_bb_icon_holder\"><\/span><\/a><\/div><\/div><\/div><\/div><\/div><\/div><\/div><!-- cell_inner --><\/div><!-- cell --><\/div><!-- port --><\/section><section data-bb-version=\"4.5.5\" id=\"bt_bb_section69df69ba4dae6\" class=\"bt_bb_section bt_bb_layout_wide bt_bb_vertical_align_top bt_bb_top_spacing_ bt_bb_bottom_spacing_\" style=\";background-color:rgb(255,255,255);\" data-bt-override-class=\"{&quot;bt_bb_top_spacing_&quot;:{&quot;current_class&quot;:&quot;bt_bb_top_spacing_&quot;,&quot;def&quot;:&quot;&quot;},&quot;bt_bb_bottom_spacing_&quot;:{&quot;current_class&quot;:&quot;bt_bb_bottom_spacing_&quot;,&quot;def&quot;:&quot;&quot;}}\"><div class=\"bt_bb_port\"><div class=\"bt_bb_cell\"><div class=\"bt_bb_cell_inner\"><div data-bb-version=\"4.5.5\" class=\"bt_bb_row\" style=\"margin-bottom: 44px;\" data-bt-override-class=\"{}\"><div class=\"bt_bb_row_holder\" ><div data-bb-version=\"4.5.5\"  class=\"bt_bb_column col-xxl-12 col-xl-12 col-xs-12 col-sm-12 col-md-12 col-lg-12 midrowtext bt_bb_vertical_align_top bt_bb_align_left bt_bb_padding_normal bt_bb_animation_fade_in move_up animate\" style=\"; --column-width:12;\" data-width=\"12\" data-bt-override-class=\"{&quot;bt_bb_align_&quot;:{&quot;current_class&quot;:&quot;bt_bb_align_left&quot;,&quot;def&quot;:&quot;left&quot;},&quot;bt_bb_padding_&quot;:{&quot;current_class&quot;:&quot;bt_bb_padding_normal&quot;,&quot;def&quot;:&quot;normal&quot;}}\"><div class=\"bt_bb_column_content\"><div class=\"bt_bb_column_content_inner\"><div data-bb-version=\"4.5.5\" class=\"bt_bb_row_inner bt_bb_row_width_boxed_1400\" style=\"padding-top: 44px;\"  data-bt-override-class=\"{}\"><div class=\"bt_bb_row_inner_holder\"  ><div data-bb-version=\"4.5.5\" id=\"taaskas\" class=\"bt_bb_column_inner col-xxl-12 col-xl-12 col-xs-12 col-sm-12 col-md-12 col-lg-12 bt_bb_vertical_align_top bt_bb_align_left bt_bb_padding_80\"  data-width=\"12\" data-bt-override-class=\"{&quot;bt_bb_align_&quot;:{&quot;current_class&quot;:&quot;bt_bb_align_left&quot;,&quot;def&quot;:&quot;left&quot;},&quot;bt_bb_padding_&quot;:{&quot;current_class&quot;:&quot;bt_bb_padding_80&quot;,&quot;def&quot;:&quot;80&quot;}}\"><div class=\"bt_bb_column_inner_content\"><div class=\"bt_bb_column_inner_content_inner\"><div data-bb-version=\"4.5.6\"  class=\"bt_bb_text bt_bb_animation_fade_in move_up animate\" ><\/p>\n<h4><\/h4>\n<h4 style=\"text-align: center;\">We value recycling<\/h4>\n<p style=\"text-align: center;\">The metal used in all products is mostly recycled. Wherever possible, Estove contributes to the health of the world.<br \/>\nFrom time to time we will do product demonstrations - at an event, a fair or simply at home - in a backyard kitchen.<br \/>\nView our <a href=\"https:\/\/www.estove.ee\/en\/uudised\/\">blog<\/a> and <a href=\"#sotsiaalmeedia\">social media<\/a>.<\/p>\n<p>\n<\/div><\/div><\/div><\/div><\/div><\/div><\/div><\/div><\/div><\/div><\/div><\/div><!-- cell_inner --><\/div><!-- cell --><\/div><!-- port --><\/section><\/p>","protected":false},"excerpt":{"rendered":"","protected":false},"author":1,"featured_media":3867,"parent":4794,"menu_order":0,"comment_status":"closed","ping_status":"closed","template":"","meta":{"inline_featured_image":false,"footnotes":""},"class_list":["post-5292","page","type-page","status-publish","has-post-thumbnail","hentry"],"yoast_head":"<!-- This site is optimized with the Yoast SEO plugin v27.4 - https:\/\/yoast.com\/product\/yoast-seo-wordpress\/ -->\n<title>ESTOVE - Suitsusauna keris \u2013 k\u00e4sit\u00f6\u00f6na valmiv ja s\u00e4\u00e4stlik<\/title>\n<meta name=\"description\" content=\"Traditsioonilisest l\u00fchema k\u00fctmisajaga suitsusauna keris. Eraldi saadaval plokid sobivad ka teiste k\u00fcttekehade valmistamiseks.\" \/>\n<meta name=\"robots\" content=\"index, follow, max-snippet:-1, max-image-preview:large, max-video-preview:-1\" \/>\n<link rel=\"canonical\" href=\"https:\/\/estove.ee\/tooted-ja-teenused\/suitsusauna-keris\/\" \/>\n<meta property=\"og:locale\" content=\"en_US\" \/>\n<meta property=\"og:type\" content=\"article\" \/>\n<meta property=\"og:title\" content=\"ESTOVE - Suitsusauna keris \u2013 k\u00e4sit\u00f6\u00f6na valmiv ja s\u00e4\u00e4stlik\" \/>\n<meta property=\"og:description\" content=\"Traditsioonilisest l\u00fchema k\u00fctmisajaga suitsusauna keris. Eraldi saadaval plokid sobivad ka teiste k\u00fcttekehade valmistamiseks.\" \/>\n<meta property=\"og:url\" content=\"https:\/\/estove.ee\/tooted-ja-teenused\/suitsusauna-keris\/\" \/>\n<meta property=\"og:site_name\" content=\"ESTOVE O\u00dc\" \/>\n<meta property=\"article:modified_time\" content=\"2026-02-04T10:27:17+00:00\" \/>\n<meta name=\"twitter:card\" content=\"summary_large_image\" \/>\n<meta name=\"twitter:label1\" content=\"Est. reading time\" \/>\n\t<meta name=\"twitter:data1\" content=\"2 minutes\" \/>\n<script type=\"application\/ld+json\" class=\"yoast-schema-graph\">{\"@context\":\"https:\\\/\\\/schema.org\",\"@graph\":[{\"@type\":\"WebPage\",\"@id\":\"https:\\\/\\\/estove.ee\\\/tooted-ja-teenused\\\/suitsusauna-keris\\\/\",\"url\":\"https:\\\/\\\/estove.ee\\\/tooted-ja-teenused\\\/suitsusauna-keris\\\/\",\"name\":\"ESTOVE - Suitsusauna keris \u2013 k\u00e4sit\u00f6\u00f6na valmiv ja s\u00e4\u00e4stlik\",\"isPartOf\":{\"@id\":\"https:\\\/\\\/estove.ee\\\/#website\"},\"primaryImageOfPage\":{\"@id\":\"https:\\\/\\\/estove.ee\\\/tooted-ja-teenused\\\/suitsusauna-keris\\\/#primaryimage\"},\"image\":{\"@id\":\"https:\\\/\\\/estove.ee\\\/tooted-ja-teenused\\\/suitsusauna-keris\\\/#primaryimage\"},\"thumbnailUrl\":\"\",\"datePublished\":\"2023-07-11T14:50:41+00:00\",\"dateModified\":\"2026-02-04T10:27:17+00:00\",\"description\":\"Traditsioonilisest l\u00fchema k\u00fctmisajaga suitsusauna keris. Eraldi saadaval plokid sobivad ka teiste k\u00fcttekehade valmistamiseks.\",\"breadcrumb\":{\"@id\":\"https:\\\/\\\/estove.ee\\\/tooted-ja-teenused\\\/suitsusauna-keris\\\/#breadcrumb\"},\"inLanguage\":\"en-US\",\"potentialAction\":[{\"@type\":\"ReadAction\",\"target\":[\"https:\\\/\\\/estove.ee\\\/tooted-ja-teenused\\\/suitsusauna-keris\\\/\"]}]},{\"@type\":\"ImageObject\",\"inLanguage\":\"en-US\",\"@id\":\"https:\\\/\\\/estove.ee\\\/tooted-ja-teenused\\\/suitsusauna-keris\\\/#primaryimage\",\"url\":\"\",\"contentUrl\":\"\"},{\"@type\":\"BreadcrumbList\",\"@id\":\"https:\\\/\\\/estove.ee\\\/tooted-ja-teenused\\\/suitsusauna-keris\\\/#breadcrumb\",\"itemListElement\":[{\"@type\":\"ListItem\",\"position\":1,\"name\":\"Home\",\"item\":\"https:\\\/\\\/estove.ee\\\/\"},{\"@type\":\"ListItem\",\"position\":2,\"name\":\"Tooted ja teenused\",\"item\":\"https:\\\/\\\/estove.ee\\\/tooted-ja-teenused\\\/\"},{\"@type\":\"ListItem\",\"position\":3,\"name\":\"Suitsusauna keris\"}]},{\"@type\":\"WebSite\",\"@id\":\"https:\\\/\\\/estove.ee\\\/#website\",\"url\":\"https:\\\/\\\/estove.ee\\\/\",\"name\":\"ESTOVE O\u00dc\",\"description\":\"K\u00e4sit\u00f6\u00f6na valmistatud suitsuahjud, pitsaahjud, suitsusauna kerised ja teised tulekolded\",\"potentialAction\":[{\"@type\":\"SearchAction\",\"target\":{\"@type\":\"EntryPoint\",\"urlTemplate\":\"https:\\\/\\\/estove.ee\\\/?s={search_term_string}\"},\"query-input\":{\"@type\":\"PropertyValueSpecification\",\"valueRequired\":true,\"valueName\":\"search_term_string\"}}],\"inLanguage\":\"en-US\"}]}<\/script>\n<!-- \/ Yoast SEO plugin. -->","yoast_head_json":{"title":"ESTOVE - Suitsusauna keris \u2013 k\u00e4sit\u00f6\u00f6na valmiv ja s\u00e4\u00e4stlik","description":"Traditsioonilisest l\u00fchema k\u00fctmisajaga suitsusauna keris. Eraldi saadaval plokid sobivad ka teiste k\u00fcttekehade valmistamiseks.","robots":{"index":"index","follow":"follow","max-snippet":"max-snippet:-1","max-image-preview":"max-image-preview:large","max-video-preview":"max-video-preview:-1"},"canonical":"https:\/\/estove.ee\/tooted-ja-teenused\/suitsusauna-keris\/","og_locale":"en_US","og_type":"article","og_title":"ESTOVE - Suitsusauna keris \u2013 k\u00e4sit\u00f6\u00f6na valmiv ja s\u00e4\u00e4stlik","og_description":"Traditsioonilisest l\u00fchema k\u00fctmisajaga suitsusauna keris. Eraldi saadaval plokid sobivad ka teiste k\u00fcttekehade valmistamiseks.","og_url":"https:\/\/estove.ee\/tooted-ja-teenused\/suitsusauna-keris\/","og_site_name":"ESTOVE O\u00dc","article_modified_time":"2026-02-04T10:27:17+00:00","twitter_card":"summary_large_image","twitter_misc":{"Est. reading time":"2 minutes"},"schema":{"@context":"https:\/\/schema.org","@graph":[{"@type":"WebPage","@id":"https:\/\/estove.ee\/tooted-ja-teenused\/suitsusauna-keris\/","url":"https:\/\/estove.ee\/tooted-ja-teenused\/suitsusauna-keris\/","name":"ESTOVE - Suitsusauna keris \u2013 k\u00e4sit\u00f6\u00f6na valmiv ja s\u00e4\u00e4stlik","isPartOf":{"@id":"https:\/\/estove.ee\/#website"},"primaryImageOfPage":{"@id":"https:\/\/estove.ee\/tooted-ja-teenused\/suitsusauna-keris\/#primaryimage"},"image":{"@id":"https:\/\/estove.ee\/tooted-ja-teenused\/suitsusauna-keris\/#primaryimage"},"thumbnailUrl":"","datePublished":"2023-07-11T14:50:41+00:00","dateModified":"2026-02-04T10:27:17+00:00","description":"Traditsioonilisest l\u00fchema k\u00fctmisajaga suitsusauna keris. Eraldi saadaval plokid sobivad ka teiste k\u00fcttekehade valmistamiseks.","breadcrumb":{"@id":"https:\/\/estove.ee\/tooted-ja-teenused\/suitsusauna-keris\/#breadcrumb"},"inLanguage":"en-US","potentialAction":[{"@type":"ReadAction","target":["https:\/\/estove.ee\/tooted-ja-teenused\/suitsusauna-keris\/"]}]},{"@type":"ImageObject","inLanguage":"en-US","@id":"https:\/\/estove.ee\/tooted-ja-teenused\/suitsusauna-keris\/#primaryimage","url":"","contentUrl":""},{"@type":"BreadcrumbList","@id":"https:\/\/estove.ee\/tooted-ja-teenused\/suitsusauna-keris\/#breadcrumb","itemListElement":[{"@type":"ListItem","position":1,"name":"Home","item":"https:\/\/estove.ee\/"},{"@type":"ListItem","position":2,"name":"Tooted ja teenused","item":"https:\/\/estove.ee\/tooted-ja-teenused\/"},{"@type":"ListItem","position":3,"name":"Suitsusauna keris"}]},{"@type":"WebSite","@id":"https:\/\/estove.ee\/#website","url":"https:\/\/estove.ee\/","name":"ESTOVE O\u00dc","description":"K\u00e4sit\u00f6\u00f6na valmistatud suitsuahjud, pitsaahjud, suitsusauna kerised ja teised tulekolded","potentialAction":[{"@type":"SearchAction","target":{"@type":"EntryPoint","urlTemplate":"https:\/\/estove.ee\/?s={search_term_string}"},"query-input":{"@type":"PropertyValueSpecification","valueRequired":true,"valueName":"search_term_string"}}],"inLanguage":"en-US"}]}},"_links":{"self":[{"href":"https:\/\/www.estove.ee\/en\/wp-json\/wp\/v2\/pages\/5292","targetHints":{"allow":["GET"]}}],"collection":[{"href":"https:\/\/www.estove.ee\/en\/wp-json\/wp\/v2\/pages"}],"about":[{"href":"https:\/\/www.estove.ee\/en\/wp-json\/wp\/v2\/types\/page"}],"author":[{"embeddable":true,"href":"https:\/\/www.estove.ee\/en\/wp-json\/wp\/v2\/users\/1"}],"replies":[{"embeddable":true,"href":"https:\/\/www.estove.ee\/en\/wp-json\/wp\/v2\/comments?post=5292"}],"version-history":[{"count":5,"href":"https:\/\/www.estove.ee\/en\/wp-json\/wp\/v2\/pages\/5292\/revisions"}],"predecessor-version":[{"id":6180,"href":"https:\/\/www.estove.ee\/en\/wp-json\/wp\/v2\/pages\/5292\/revisions\/6180"}],"up":[{"embeddable":true,"href":"https:\/\/www.estove.ee\/en\/wp-json\/wp\/v2\/pages\/4794"}],"wp:featuredmedia":[{"embeddable":true,"href":"https:\/\/www.estove.ee\/en\/wp-json\/"}],"wp:attachment":[{"href":"https:\/\/www.estove.ee\/en\/wp-json\/wp\/v2\/media?parent=5292"}],"curies":[{"name":"wp","href":"https:\/\/api.w.org\/{rel}","templated":true}]}}