{"id":2848,"date":"2018-10-24T08:43:27","date_gmt":"2018-10-24T08:43:27","guid":{"rendered":"http:\/\/aircon.bold-themes.com\/main-demo\/?page_id=2848"},"modified":"2024-05-03T09:48:33","modified_gmt":"2024-05-03T09:48:33","slug":"footer","status":"publish","type":"page","link":"https:\/\/www.estove.ee\/en\/kasitoona-valmivad-pitsaahjud-suitsuahjud-okomoobel-suitsusauna-kerised-ja-muud-erilahendused\/footer\/","title":{"rendered":"Footer"},"content":{"rendered":"<section data-bb-version=\"4.5.5\" id=\"jalusepoiss\" class=\"bt_bb_section bt_bb_layout_boxed_1200 bt_bb_vertical_align_top bt_bb_top_spacing_ bt_bb_bottom_spacing_\"  data-bt-override-class=\"{&quot;bt_bb_top_spacing_&quot;:{&quot;current_class&quot;:&quot;bt_bb_top_spacing_&quot;,&quot;def&quot;:&quot;&quot;},&quot;bt_bb_bottom_spacing_&quot;:{&quot;current_class&quot;:&quot;bt_bb_bottom_spacing_&quot;,&quot;def&quot;:&quot;&quot;}}\"><div class=\"bt_bb_port\"><div class=\"bt_bb_cell\"><div class=\"bt_bb_cell_inner\"><div class=\"bt_bb_row\"  data-bt-override-class=\"{}\"><div class=\"bt_bb_row_holder\" ><div  class=\"bt_bb_column col-xxl-12 col-xl-12 col-xs-12 col-sm-12 col-md-12 col-lg-12 bt_bb_vertical_align_top bt_bb_align_center bt_bb_padding_normal\" style=\"; --column-width:12;\" data-width=\"12\" data-bt-override-class=\"{&quot;bt_bb_align_&quot;:{&quot;current_class&quot;:&quot;bt_bb_align_center&quot;,&quot;def&quot;:&quot;center&quot;,&quot;xl&quot;:&quot;center&quot;},&quot;bt_bb_padding_&quot;:{&quot;current_class&quot;:&quot;bt_bb_padding_normal&quot;,&quot;def&quot;:&quot;normal&quot;,&quot;xl&quot;:&quot;normal&quot;}}\"><div class=\"bt_bb_column_content\"><div class=\"bt_bb_column_content_inner\"><div class=\"bt_bb_separator bt_bb_border_style_none bt_bb_top_spacing_normal bt_bb_bottom_spacing_\" data-bt-override-class=\"{&quot;bt_bb_top_spacing_&quot;:{&quot;current_class&quot;:&quot;bt_bb_top_spacing_normal&quot;,&quot;def&quot;:&quot;normal&quot;,&quot;xl&quot;:&quot;normal&quot;},&quot;bt_bb_bottom_spacing_&quot;:{&quot;current_class&quot;:&quot;bt_bb_bottom_spacing_&quot;,&quot;def&quot;:&quot;&quot;,&quot;xl&quot;:&quot;&quot;}}\"><\/div><\/div><\/div><\/div><\/div><\/div><div data-bb-version=\"4.5.6\" class=\"bt_bb_row\"  data-bt-override-class=\"{}\"id=\"sotsiaalmeedia\"><div class=\"bt_bb_row_holder\" ><div data-bb-version=\"4.5.5\"  class=\"bt_bb_column col-xxl-12 col-xl-12 col-xs-12 col-sm-12 col-md-12 col-lg-12 socos bt_bb_vertical_align_top bt_bb_align_center bt_bb_padding_normal\" style=\"margin-top: -15px;; --column-width:12;\" data-width=\"12\" data-bt-override-class=\"{&quot;bt_bb_align_&quot;:{&quot;current_class&quot;:&quot;bt_bb_align_center&quot;,&quot;def&quot;:&quot;center&quot;},&quot;bt_bb_padding_&quot;:{&quot;current_class&quot;:&quot;bt_bb_padding_normal&quot;,&quot;def&quot;:&quot;normal&quot;}}\"><div class=\"bt_bb_column_content\"><div class=\"bt_bb_column_content_inner\"><header data-bb-version=\"4.5.5\" class=\"bt_bb_headline bt_bb_dash_none bt_bb_size_inherit bt_bb_superheadline bt_bb_align_center\" data-bt-override-class=\"{&quot;bt_bb_size_&quot;:{&quot;current_class&quot;:&quot;bt_bb_size_inherit&quot;,&quot;def&quot;:&quot;inherit&quot;},&quot;bt_bb_align_&quot;:{&quot;current_class&quot;:&quot;bt_bb_align_center&quot;,&quot;def&quot;:&quot;center&quot;}}\"><h3 class=\"bt_bb_headline_tag\"><span class=\"bt_bb_headline_superheadline\" >FOLLOW US<\/span><\/h3><\/header><div data-bb-version=\"4.5.6\" class=\"bt_bb_icon bt_bb_style_outline bt_bb_size_small bt_bb_shape_circle bt_bb_target_blank bt_bb_text_empty bt_bb_align_inherit\" data-bt-override-class=\"{&quot;bt_bb_size_&quot;:{&quot;current_class&quot;:&quot;bt_bb_size_small&quot;,&quot;def&quot;:&quot;small&quot;},&quot;bt_bb_align_&quot;:{&quot;current_class&quot;:&quot;bt_bb_align_inherit&quot;,&quot;def&quot;:&quot;inherit&quot;}}\"><a href=\"https:\/\/www.facebook.com\/100081850916983\/\"  target=\"_blank\"   data-ico-fontawesome=\"&#xf09a;\" class=\"bt_bb_icon_holder\"><\/a><\/div><div data-bb-version=\"4.5.6\" class=\"bt_bb_icon bt_bb_style_outline bt_bb_size_small bt_bb_shape_circle bt_bb_target_blank bt_bb_text_empty bt_bb_align_inherit\" data-bt-override-class=\"{&quot;bt_bb_size_&quot;:{&quot;current_class&quot;:&quot;bt_bb_size_small&quot;,&quot;def&quot;:&quot;small&quot;},&quot;bt_bb_align_&quot;:{&quot;current_class&quot;:&quot;bt_bb_align_inherit&quot;,&quot;def&quot;:&quot;inherit&quot;}}\"><a href=\"#\"  target=\"_blank\"   data-ico-fontawesome=\"&#xf16d;\" class=\"bt_bb_icon_holder\"><\/a><\/div><div class=\"bt_bb_separator bt_bb_border_style_none bt_bb_top_spacing_normal bt_bb_bottom_spacing_\" data-bt-override-class=\"{&quot;bt_bb_top_spacing_&quot;:{&quot;current_class&quot;:&quot;bt_bb_top_spacing_normal&quot;,&quot;def&quot;:&quot;normal&quot;,&quot;xl&quot;:&quot;normal&quot;},&quot;bt_bb_bottom_spacing_&quot;:{&quot;current_class&quot;:&quot;bt_bb_bottom_spacing_&quot;,&quot;def&quot;:&quot;&quot;,&quot;xl&quot;:&quot;&quot;}}\"><\/div><\/div><\/div><\/div><\/div><\/div><\/div><!-- cell_inner --><\/div><!-- cell --><\/div><!-- port --><\/section>","protected":false},"excerpt":{"rendered":"","protected":false},"author":1,"featured_media":0,"parent":5313,"menu_order":0,"comment_status":"closed","ping_status":"closed","template":"","meta":{"inline_featured_image":false,"footnotes":""},"class_list":["post-2848","page","type-page","status-publish","hentry"],"yoast_head":"<!-- This site is optimized with the Yoast SEO plugin v27.4 - https:\/\/yoast.com\/product\/yoast-seo-wordpress\/ -->\n<title>Footer - ESTOVE O\u00dc<\/title>\n<meta name=\"robots\" content=\"noindex, nofollow\" \/>\n<meta property=\"og:locale\" content=\"en_US\" \/>\n<meta property=\"og:type\" content=\"article\" \/>\n<meta property=\"og:title\" content=\"Footer - ESTOVE O\u00dc\" \/>\n<meta property=\"og:url\" content=\"https:\/\/www.estove.ee\/en\/kasitoona-valmivad-pitsaahjud-suitsuahjud-okomoobel-suitsusauna-kerised-ja-muud-erilahendused\/footer\/\" \/>\n<meta property=\"og:site_name\" content=\"ESTOVE O\u00dc\" \/>\n<meta property=\"article:modified_time\" content=\"2024-05-03T09:48:33+00:00\" \/>\n<meta name=\"twitter:card\" content=\"summary_large_image\" \/>\n<meta name=\"twitter:label1\" content=\"Est. reading time\" \/>\n\t<meta name=\"twitter:data1\" content=\"1 minute\" \/>\n<script type=\"application\/ld+json\" class=\"yoast-schema-graph\">{\"@context\":\"https:\\\/\\\/schema.org\",\"@graph\":[{\"@type\":\"WebPage\",\"@id\":\"https:\\\/\\\/www.estove.ee\\\/kasitoona-valmivad-pitsaahjud-suitsuahjud-okomoobel-suitsusauna-kerised-ja-muud-erilahendused\\\/footer\\\/\",\"url\":\"https:\\\/\\\/www.estove.ee\\\/kasitoona-valmivad-pitsaahjud-suitsuahjud-okomoobel-suitsusauna-kerised-ja-muud-erilahendused\\\/footer\\\/\",\"name\":\"Footer - ESTOVE O\u00dc\",\"isPartOf\":{\"@id\":\"https:\\\/\\\/estove.ee\\\/#website\"},\"datePublished\":\"2018-10-24T08:43:27+00:00\",\"dateModified\":\"2024-05-03T09:48:33+00:00\",\"breadcrumb\":{\"@id\":\"https:\\\/\\\/www.estove.ee\\\/kasitoona-valmivad-pitsaahjud-suitsuahjud-okomoobel-suitsusauna-kerised-ja-muud-erilahendused\\\/footer\\\/#breadcrumb\"},\"inLanguage\":\"en-US\",\"potentialAction\":[{\"@type\":\"ReadAction\",\"target\":[\"https:\\\/\\\/www.estove.ee\\\/kasitoona-valmivad-pitsaahjud-suitsuahjud-okomoobel-suitsusauna-kerised-ja-muud-erilahendused\\\/footer\\\/\"]}]},{\"@type\":\"BreadcrumbList\",\"@id\":\"https:\\\/\\\/www.estove.ee\\\/kasitoona-valmivad-pitsaahjud-suitsuahjud-okomoobel-suitsusauna-kerised-ja-muud-erilahendused\\\/footer\\\/#breadcrumb\",\"itemListElement\":[{\"@type\":\"ListItem\",\"position\":1,\"name\":\"Home\",\"item\":\"https:\\\/\\\/estove.ee\\\/\"},{\"@type\":\"ListItem\",\"position\":2,\"name\":\"K\u00e4sit\u00f6\u00f6na valmivad pitsaahjud, suitsuahjud, \u00f6kom\u00f6\u00f6bel, suitsusauna kerised ja muud erilahendused.\",\"item\":\"https:\\\/\\\/www.estove.ee\\\/kasitoona-valmivad-pitsaahjud-suitsuahjud-okomoobel-suitsusauna-kerised-ja-muud-erilahendused\\\/\"},{\"@type\":\"ListItem\",\"position\":3,\"name\":\"Footer\"}]},{\"@type\":\"WebSite\",\"@id\":\"https:\\\/\\\/estove.ee\\\/#website\",\"url\":\"https:\\\/\\\/estove.ee\\\/\",\"name\":\"ESTOVE O\u00dc\",\"description\":\"K\u00e4sit\u00f6\u00f6na valmistatud suitsuahjud, pitsaahjud, suitsusauna kerised ja teised tulekolded\",\"potentialAction\":[{\"@type\":\"SearchAction\",\"target\":{\"@type\":\"EntryPoint\",\"urlTemplate\":\"https:\\\/\\\/estove.ee\\\/?s={search_term_string}\"},\"query-input\":{\"@type\":\"PropertyValueSpecification\",\"valueRequired\":true,\"valueName\":\"search_term_string\"}}],\"inLanguage\":\"en-US\"}]}<\/script>\n<!-- \/ Yoast SEO plugin. -->","yoast_head_json":{"title":"Footer - ESTOVE O\u00dc","robots":{"index":"noindex","follow":"nofollow"},"og_locale":"en_US","og_type":"article","og_title":"Footer - ESTOVE O\u00dc","og_url":"https:\/\/www.estove.ee\/en\/kasitoona-valmivad-pitsaahjud-suitsuahjud-okomoobel-suitsusauna-kerised-ja-muud-erilahendused\/footer\/","og_site_name":"ESTOVE O\u00dc","article_modified_time":"2024-05-03T09:48:33+00:00","twitter_card":"summary_large_image","twitter_misc":{"Est. reading time":"1 minute"},"schema":{"@context":"https:\/\/schema.org","@graph":[{"@type":"WebPage","@id":"https:\/\/www.estove.ee\/kasitoona-valmivad-pitsaahjud-suitsuahjud-okomoobel-suitsusauna-kerised-ja-muud-erilahendused\/footer\/","url":"https:\/\/www.estove.ee\/kasitoona-valmivad-pitsaahjud-suitsuahjud-okomoobel-suitsusauna-kerised-ja-muud-erilahendused\/footer\/","name":"Footer - ESTOVE O\u00dc","isPartOf":{"@id":"https:\/\/estove.ee\/#website"},"datePublished":"2018-10-24T08:43:27+00:00","dateModified":"2024-05-03T09:48:33+00:00","breadcrumb":{"@id":"https:\/\/www.estove.ee\/kasitoona-valmivad-pitsaahjud-suitsuahjud-okomoobel-suitsusauna-kerised-ja-muud-erilahendused\/footer\/#breadcrumb"},"inLanguage":"en-US","potentialAction":[{"@type":"ReadAction","target":["https:\/\/www.estove.ee\/kasitoona-valmivad-pitsaahjud-suitsuahjud-okomoobel-suitsusauna-kerised-ja-muud-erilahendused\/footer\/"]}]},{"@type":"BreadcrumbList","@id":"https:\/\/www.estove.ee\/kasitoona-valmivad-pitsaahjud-suitsuahjud-okomoobel-suitsusauna-kerised-ja-muud-erilahendused\/footer\/#breadcrumb","itemListElement":[{"@type":"ListItem","position":1,"name":"Home","item":"https:\/\/estove.ee\/"},{"@type":"ListItem","position":2,"name":"K\u00e4sit\u00f6\u00f6na valmivad pitsaahjud, suitsuahjud, \u00f6kom\u00f6\u00f6bel, suitsusauna kerised ja muud erilahendused.","item":"https:\/\/www.estove.ee\/kasitoona-valmivad-pitsaahjud-suitsuahjud-okomoobel-suitsusauna-kerised-ja-muud-erilahendused\/"},{"@type":"ListItem","position":3,"name":"Footer"}]},{"@type":"WebSite","@id":"https:\/\/estove.ee\/#website","url":"https:\/\/estove.ee\/","name":"ESTOVE O\u00dc","description":"K\u00e4sit\u00f6\u00f6na valmistatud suitsuahjud, pitsaahjud, suitsusauna kerised ja teised tulekolded","potentialAction":[{"@type":"SearchAction","target":{"@type":"EntryPoint","urlTemplate":"https:\/\/estove.ee\/?s={search_term_string}"},"query-input":{"@type":"PropertyValueSpecification","valueRequired":true,"valueName":"search_term_string"}}],"inLanguage":"en-US"}]}},"_links":{"self":[{"href":"https:\/\/www.estove.ee\/en\/wp-json\/wp\/v2\/pages\/2848","targetHints":{"allow":["GET"]}}],"collection":[{"href":"https:\/\/www.estove.ee\/en\/wp-json\/wp\/v2\/pages"}],"about":[{"href":"https:\/\/www.estove.ee\/en\/wp-json\/wp\/v2\/types\/page"}],"author":[{"embeddable":true,"href":"https:\/\/www.estove.ee\/en\/wp-json\/wp\/v2\/users\/1"}],"replies":[{"embeddable":true,"href":"https:\/\/www.estove.ee\/en\/wp-json\/wp\/v2\/comments?post=2848"}],"version-history":[{"count":2,"href":"https:\/\/www.estove.ee\/en\/wp-json\/wp\/v2\/pages\/2848\/revisions"}],"predecessor-version":[{"id":5871,"href":"https:\/\/www.estove.ee\/en\/wp-json\/wp\/v2\/pages\/2848\/revisions\/5871"}],"up":[{"embeddable":true,"href":"https:\/\/www.estove.ee\/en\/wp-json\/wp\/v2\/pages\/5313"}],"wp:attachment":[{"href":"https:\/\/www.estove.ee\/en\/wp-json\/wp\/v2\/media?parent=2848"}],"curies":[{"name":"wp","href":"https:\/\/api.w.org\/{rel}","templated":true}]}}